{"id":5325,"date":"2022-10-26T17:10:38","date_gmt":"2022-10-26T15:10:38","guid":{"rendered":"https:\/\/schwimm-baby-schwimm.de\/?page_id=5325"},"modified":"2022-10-26T17:13:44","modified_gmt":"2022-10-26T15:13:44","slug":"kurse-und-angebote-fuer-eltern","status":"publish","type":"page","link":"https:\/\/schwimm-baby-schwimm.de\/index.php\/kurse-und-angebote-fuer-eltern\/","title":{"rendered":"Kurse und Angebote f\u00fcr Eltern"},"content":{"rendered":"<h4>Babyzeichensprache &amp; Kindergeb\u00e4rden nach Kelly Malottkes @ Zauberhafte Babyh\u00e4nde<br \/>\nGanzheitlich, nat\u00fcrlich &amp; bindungsorientiert!<\/h4>\n<p><strong>Dieser Kurs ist genau das richtige f\u00fcr Dich wenn Du:<\/strong><\/p>\n<p>&#8211; andere gleichgesinnte Eltern mit ihren Kleinkinder (5 bis 18 Monate) treffen willst<br \/>\n&#8211; altersgerechte Kreis-, Sing- und Fingerspiele liebst<\/p>\n<p>&#8211; gemeinsam mit Deinem Kind eine w\u00f6chentliche Auszeit vom Alltag w\u00fcnschst<\/p>\n<p>&#8211; bindungsorientierte Familienangebote wertsch\u00e4tzt<\/p>\n<p>&#8211; mehr \u00fcber die kindliche Entwicklung Deines Kindes erfahren willst<\/p>\n<p>&#8211; spielerisch in die Welt der Geb\u00e4rdenkommunikation mit Kleinkindern nach Zauberhafte Babyh\u00e4nde\u00ae, dem Konzept der Bestseller-Autorin und Expertin Kelly Malottke, eingef\u00fchrt werden willst und damit\u2026<\/p>\n<p>\u2026 in den Genu\u00df eines intensiven Kommunikationserlebnises mit Kleinkindgeb\u00e4rden kommen willst<\/p>\n<p>\u2026 neue Babyzeichen kennenlernen oder bekannte Babyzeichen spielerisch vertiefen willst?<\/p>\n<p>Dann bist Du hier genau richtig um:<br \/>\n&#8211; die geheime Zauberformel kennenzulernen, wie Du sie f\u00fcr Dich nutzt, um Dich mit Deinem Baby\/Kleinkind blendend zu verstehen.<br \/>\n&#8211; wie Du das Kommunikations- und Sprachpotenzial Deines Kindes maximal und nat\u00fcrlich f\u00f6rderst.<br \/>\n&#8211; mit welcher geheimen \u201cZutat\u201d Dir Dein Baby seine Gedanken, Tr\u00e4ume und Bed\u00fcrfnisse einfach und verst\u00e4ndlich mitteilen kann.<br \/>\n&#8211; sowie die ersten Schritte erlernen kannst, um die Zauberformel einfach und leicht in Deinen Alltag zu integrieren.<\/p>\n<p>Im Naturheilverein in Ulm\/S\u00f6flingen, finden diese jeden Donnerstag Nachmittag statt.<\/p>\n<p>Melde Dich entweder per Email gerlinde.konnerth@gmx.de oder<br \/>\nHandynummer: 0178 9823934 an.<\/p>\n<p>Ich freue mich auf Dich!<\/p>\n<p>Gerlinde Konnerth<\/p>\n","protected":false},"excerpt":{"rendered":"<p>Babyzeichensprache &amp; Kindergeb\u00e4rden nach Kelly Malottkes @ Zauberhafte Babyh\u00e4nde Ganzheitlich, nat\u00fcrlich &amp; bindungsorientiert! Dieser Kurs ist genau das richtige f\u00fcr Dich wenn Du: &#8211; andere gleichgesinnte Eltern mit ihren Kleinkinder (5 bis 18 Monate) treffen willst &#8211; altersgerechte Kreis-, Sing- und Fingerspiele liebst &#8211; gemeinsam mit Deinem Kind eine w\u00f6chentliche Auszeit vom Alltag w\u00fcnschst &#8211; [&hellip;]<\/p>\n","protected":false},"author":1,"featured_media":0,"parent":0,"menu_order":0,"comment_status":"closed","ping_status":"closed","template":"","meta":{"footnotes":""},"class_list":["post-5325","page","type-page","status-publish","hentry"],"_links":{"self":[{"href":"https:\/\/schwimm-baby-schwimm.de\/index.php\/wp-json\/wp\/v2\/pages\/5325","targetHints":{"allow":["GET"]}}],"collection":[{"href":"https:\/\/schwimm-baby-schwimm.de\/index.php\/wp-json\/wp\/v2\/pages"}],"about":[{"href":"https:\/\/schwimm-baby-schwimm.de\/index.php\/wp-json\/wp\/v2\/types\/page"}],"author":[{"embeddable":true,"href":"https:\/\/schwimm-baby-schwimm.de\/index.php\/wp-json\/wp\/v2\/users\/1"}],"replies":[{"embeddable":true,"href":"https:\/\/schwimm-baby-schwimm.de\/index.php\/wp-json\/wp\/v2\/comments?post=5325"}],"version-history":[{"count":4,"href":"https:\/\/schwimm-baby-schwimm.de\/index.php\/wp-json\/wp\/v2\/pages\/5325\/revisions"}],"predecessor-version":[{"id":5329,"href":"https:\/\/schwimm-baby-schwimm.de\/index.php\/wp-json\/wp\/v2\/pages\/5325\/revisions\/5329"}],"wp:attachment":[{"href":"https:\/\/schwimm-baby-schwimm.de\/index.php\/wp-json\/wp\/v2\/media?parent=5325"}],"curies":[{"name":"wp","href":"https:\/\/api.w.org\/{rel}","templated":true}]}}