{"id":5203,"date":"2022-10-26T16:26:15","date_gmt":"2022-10-26T14:26:15","guid":{"rendered":"https:\/\/schwimm-baby-schwimm.de\/?page_id=5203"},"modified":"2022-10-26T16:26:15","modified_gmt":"2022-10-26T14:26:15","slug":"infos-gesundheitsberatung","status":"publish","type":"page","link":"https:\/\/schwimm-baby-schwimm.de\/index.php\/infos-gesundheitsberatung\/","title":{"rendered":"Infos Gesundheitsberatung"},"content":{"rendered":"<p><strong>Gesund durch richtige Ern\u00e4hrung<\/strong><\/p>\n<p>Die Nahrungsaufnahme geh\u00f6rt zu den elementarsten Grundbed\u00fcrfnissen des Menschen.<\/p>\n<p>Grundlage f\u00fcr eine ausgewogene Ern\u00e4hrung ist die vitalstoffreiche Vollwertkost, die auf folgenden Erkentnissen beruht:<\/p>\n<p>der Ern\u00e4hrungslehre des Schweizer Arztes Dr. Maximilian Oskar Bircher-Benner (1867 &#8211; 1939)<br \/>\n\u201eDie Ern\u00e4hrung ist nicht das H\u00f6chste im Leben, aber sie ist der N\u00e4hrboden,<br \/>\nauf dem das H\u00f6chste gedeihen oder verderben kann.\u201c<\/p>\n<p>den wissenschaftlichen Forschungsergebnissen von Prof. Dr. Werner Kollath (Arzt, Hygieniker, Ern\u00e4hrungsforscher 1892 \u2013 1970)<br \/>\n\u201eLa\u00dft die Nahrung so nat\u00fcrlich wie m\u00f6glich\u201c<\/p>\n<p>und dem erfolgreichen Nachweis der Wirksamkeit der vitalstoffreichen Vollwertkost in \u00fcber 60 Jahren in Klinik und Praxis an \u00fcber 10.000 Patienten durch Dr. Max Otto Bruker (Arzt f\u00fcr innere Medizin 1909 \u2013 2001)<br \/>\n\u201eJede Krankheit hat Ursachen auch wenn sie dem Einzelnen unbekannt sind. Nur eine Behandlung die die Ursachen ber\u00fccksichtigt ist eine Heilbehandlung.\u201c<\/p>\n<p>Dr. Brukers wichtigstes Ziel war es eine \u201eurs\u00e4chliche Heilbehandlung statt symptomatischer Linderungsbehandlung\u201c zu betreiben. Erst wenn die Ursachen einer Erkrankung bekannt sind, kann echte Heilung beginnen.<\/p>\n<p><strong>Er teilte die Entstehung von Krankheiten in drei Ursachengruppen ein:<\/strong><\/p>\n<p>Ern\u00e4hrungsbedingte Zivilisationskrankheiten<br \/>\nLebensbedingte Zivilisationskrankheiten<br \/>\nUmweltbedingte Zivilisationskrankheiten<br \/>\nCa. 80% aller Krankheiten sind ern\u00e4hrungsbedingt!<\/p>\n<p>Nachweislich z\u00e4hlen folgende dazu:<\/p>\n<p>Gebissverfall<br \/>\nZahnkaries, Parodontose, Gebissfehlstellungen<br \/>\nErkrankungen des Bewegungsapparates<br \/>\nRheuma, Arthritis, Arthrose, Wirbels\u00e4ulen- und Bandscheibensch\u00e4den<br \/>\nStoffwechselkrankheiten<br \/>\n\u00dcbergewicht\/Fettsucht, Untergewicht, Diabetes, Lebersch\u00e4den, Gallen- und Nierensteine, Gicht,&#8230;<br \/>\nErkrankungen der Verdauungsorgane<br \/>\nStuhlverstopfung, Leber-, Gallenblasen-, Bauchspeicheldr\u00fcsen- sowie D\u00fcnn- und Dickdarmerkrankungen, Verdauungsst\u00f6rungen<br \/>\nGef\u00e4\u00dferkrankungen<br \/>\nArteriosklerose, Herzinfarkt, Schlaganfall und Thrombosen<br \/>\nmangelnde Infektabwehr<br \/>\nst\u00e4ndige Erk\u00e4ltungen, Nierenbecken- und Blasenentz\u00fcndungen<br \/>\nEkzeme, Neurodermitis, sog. Allergien<br \/>\nHeuschnupfen&#8230;<br \/>\ndegenerative Erkrankungen des Nervensystems<br \/>\nz.B. Multiple Sklerose<br \/>\nauch an der Entstehung von Krebs ist die Fehlern\u00e4hrung in gewissem Ma\u00dfe beteiligt<br \/>\nDie Ern\u00e4hrung k\u00f6nnen Sie am schnellsten und einfachsten \u00e4ndern!<br \/>\nDie Gesundheitsberatung hilft Ihnen:<\/p>\n<p>die Ursachen zu erkennen<br \/>\ndie Zusammenh\u00e4nge zu verstehen<br \/>\nneue Erkenntnisse zu erlangen und diese umzusetzen<br \/>\nsowie einfach neue Wege zu gehen<br \/>\nHelfen kann ich Ihnen, mit:<br \/>\nVortr\u00e4gen zu verschiedenen Gesundheitsthemen<br \/>\nErn\u00e4hrungseinzelberatung (nach Terminvereinbarung)<br \/>\nKochkurse (nach Terminvereinbarung)<br \/>\nFastenbegleitung<\/p>\n","protected":false},"excerpt":{"rendered":"<p>Gesund durch richtige Ern\u00e4hrung Die Nahrungsaufnahme geh\u00f6rt zu den elementarsten Grundbed\u00fcrfnissen des Menschen. Grundlage f\u00fcr eine ausgewogene Ern\u00e4hrung ist die vitalstoffreiche Vollwertkost, die auf folgenden Erkentnissen beruht: der Ern\u00e4hrungslehre des Schweizer Arztes Dr. Maximilian Oskar Bircher-Benner (1867 &#8211; 1939) \u201eDie Ern\u00e4hrung ist nicht das H\u00f6chste im Leben, aber sie ist der N\u00e4hrboden, auf dem das [&hellip;]<\/p>\n","protected":false},"author":1,"featured_media":0,"parent":0,"menu_order":0,"comment_status":"closed","ping_status":"closed","template":"","meta":{"footnotes":""},"class_list":["post-5203","page","type-page","status-publish","hentry"],"_links":{"self":[{"href":"https:\/\/schwimm-baby-schwimm.de\/index.php\/wp-json\/wp\/v2\/pages\/5203","targetHints":{"allow":["GET"]}}],"collection":[{"href":"https:\/\/schwimm-baby-schwimm.de\/index.php\/wp-json\/wp\/v2\/pages"}],"about":[{"href":"https:\/\/schwimm-baby-schwimm.de\/index.php\/wp-json\/wp\/v2\/types\/page"}],"author":[{"embeddable":true,"href":"https:\/\/schwimm-baby-schwimm.de\/index.php\/wp-json\/wp\/v2\/users\/1"}],"replies":[{"embeddable":true,"href":"https:\/\/schwimm-baby-schwimm.de\/index.php\/wp-json\/wp\/v2\/comments?post=5203"}],"version-history":[{"count":1,"href":"https:\/\/schwimm-baby-schwimm.de\/index.php\/wp-json\/wp\/v2\/pages\/5203\/revisions"}],"predecessor-version":[{"id":5204,"href":"https:\/\/schwimm-baby-schwimm.de\/index.php\/wp-json\/wp\/v2\/pages\/5203\/revisions\/5204"}],"wp:attachment":[{"href":"https:\/\/schwimm-baby-schwimm.de\/index.php\/wp-json\/wp\/v2\/media?parent=5203"}],"curies":[{"name":"wp","href":"https:\/\/api.w.org\/{rel}","templated":true}]}}