{"id":5169,"date":"2022-10-24T17:32:45","date_gmt":"2022-10-24T15:32:45","guid":{"rendered":"https:\/\/schwimm-baby-schwimm.de\/?page_id=5169"},"modified":"2022-10-24T17:32:45","modified_gmt":"2022-10-24T15:32:45","slug":"kurs-infos","status":"publish","type":"page","link":"https:\/\/schwimm-baby-schwimm.de\/index.php\/kurs-infos\/","title":{"rendered":"Kurs Infos"},"content":{"rendered":"<p>Inhalte der Babyschwimmstunden<\/p>\n<p>Wassergew\u00f6hnung<br \/>\nBabyschwimmen als entwicklungsf\u00f6rdernde Ma\u00dfnahme auf k\u00f6rperlichem, motorischem, seelischem, geistigem und sozialem Gebiet<br \/>\neine Eltern-Kind-Gymnastik, die Ihrem Kind einen Entwicklungsvorsprung gegen\u00fcber vergleichbaren S\u00e4uglingen bringt<br \/>\nStreckung der Wirbels\u00e4ule<br \/>\nAusbildung der Haltemuskulatur der Wirbels\u00e4ule, Reaktionsschulung, Wahrnehmung durch die Sinne z.B. Auftrieb f\u00fchlen, Anregen des Wassers z.B. durch Druck, W\u00e4rme, K\u00e4lte<br \/>\nEntwicklung der St\u00fctzmuskulatur, koordinativer F\u00e4higkeiten<br \/>\nSpielm\u00f6glichkeit f\u00fcr Eltern und Baby<br \/>\nEntwicklung des Gleichgewichts<br \/>\nVor\u00fcbung f\u00fcr das freie Gleiten<br \/>\nfreies Bewegen mit und ohne Schwimmhilfen<br \/>\nEinsatz von Wasserspielzeug<br \/>\ngemeinsame Begr\u00fc\u00dfungs-, Bewegungs und Singspiele<\/p>\n","protected":false},"excerpt":{"rendered":"<p>Inhalte der Babyschwimmstunden Wassergew\u00f6hnung Babyschwimmen als entwicklungsf\u00f6rdernde Ma\u00dfnahme auf k\u00f6rperlichem, motorischem, seelischem, geistigem und sozialem Gebiet eine Eltern-Kind-Gymnastik, die Ihrem Kind einen Entwicklungsvorsprung gegen\u00fcber vergleichbaren S\u00e4uglingen bringt Streckung der Wirbels\u00e4ule Ausbildung der Haltemuskulatur der Wirbels\u00e4ule, Reaktionsschulung, Wahrnehmung durch die Sinne z.B. Auftrieb f\u00fchlen, Anregen des Wassers z.B. durch Druck, W\u00e4rme, K\u00e4lte Entwicklung der St\u00fctzmuskulatur, koordinativer [&hellip;]<\/p>\n","protected":false},"author":1,"featured_media":0,"parent":0,"menu_order":0,"comment_status":"closed","ping_status":"closed","template":"","meta":{"footnotes":""},"class_list":["post-5169","page","type-page","status-publish","hentry"],"_links":{"self":[{"href":"https:\/\/schwimm-baby-schwimm.de\/index.php\/wp-json\/wp\/v2\/pages\/5169","targetHints":{"allow":["GET"]}}],"collection":[{"href":"https:\/\/schwimm-baby-schwimm.de\/index.php\/wp-json\/wp\/v2\/pages"}],"about":[{"href":"https:\/\/schwimm-baby-schwimm.de\/index.php\/wp-json\/wp\/v2\/types\/page"}],"author":[{"embeddable":true,"href":"https:\/\/schwimm-baby-schwimm.de\/index.php\/wp-json\/wp\/v2\/users\/1"}],"replies":[{"embeddable":true,"href":"https:\/\/schwimm-baby-schwimm.de\/index.php\/wp-json\/wp\/v2\/comments?post=5169"}],"version-history":[{"count":1,"href":"https:\/\/schwimm-baby-schwimm.de\/index.php\/wp-json\/wp\/v2\/pages\/5169\/revisions"}],"predecessor-version":[{"id":5170,"href":"https:\/\/schwimm-baby-schwimm.de\/index.php\/wp-json\/wp\/v2\/pages\/5169\/revisions\/5170"}],"wp:attachment":[{"href":"https:\/\/schwimm-baby-schwimm.de\/index.php\/wp-json\/wp\/v2\/media?parent=5169"}],"curies":[{"name":"wp","href":"https:\/\/api.w.org\/{rel}","templated":true}]}}