{"id":5167,"date":"2022-10-24T17:31:43","date_gmt":"2022-10-24T15:31:43","guid":{"rendered":"https:\/\/schwimm-baby-schwimm.de\/?page_id=5167"},"modified":"2022-10-26T16:22:52","modified_gmt":"2022-10-26T14:22:52","slug":"ueber-mich","status":"publish","type":"page","link":"https:\/\/schwimm-baby-schwimm.de\/index.php\/ueber-mich\/","title":{"rendered":"\u00fcber mich Babyschwimmen"},"content":{"rendered":"<p>Mein Name ist Gerlinde Konnerth, ich bin 46 Jahre alt, verheiratet und Mutter von 3 wunderbaren Kindern, die das Babyalter schon lange hinter sich haben.<\/p>\n<p>Kinder, ganz besonders Babys und Kleinkinder sind eine, meiner gr\u00f6\u00dften Leidenschaften.<\/p>\n<p>Aus diesem Grund habe ich mir im Jahr 2007\/2008 einen gro\u00dfen Traum erf\u00fcllt, und habe in der Sporthochschule K\u00f6ln beim Deutschen Schwimmverband e.V. das DSV-Zertifikat &#8222;Kursleiterin f\u00fcr S\u00e4uglings- und Kleinkinderschwimmen&#8220; erworben.<\/p>\n<p>Es bereitet mir gro\u00dfe Freude, im Urelement Wasser intensiv mit Babys und Kleinkindern zu arbeiten, vieles von ihnen zu lernen &#8211; ihnen aber auch einiges mitzugeben.<\/p>\n<p>Es macht mir sehr viel Spa\u00df, den Kindern sowie den Eltern die Eigenschaften des Wassers auf spielerische Art vertraut zu machen.<\/p>\n","protected":false},"excerpt":{"rendered":"<p>Mein Name ist Gerlinde Konnerth, ich bin 46 Jahre alt, verheiratet und Mutter von 3 wunderbaren Kindern, die das Babyalter schon lange hinter sich haben. Kinder, ganz besonders Babys und Kleinkinder sind eine, meiner gr\u00f6\u00dften Leidenschaften. Aus diesem Grund habe ich mir im Jahr 2007\/2008 einen gro\u00dfen Traum erf\u00fcllt, und habe in der Sporthochschule K\u00f6ln [&hellip;]<\/p>\n","protected":false},"author":1,"featured_media":0,"parent":0,"menu_order":0,"comment_status":"closed","ping_status":"closed","template":"","meta":{"footnotes":""},"class_list":["post-5167","page","type-page","status-publish","hentry"],"_links":{"self":[{"href":"https:\/\/schwimm-baby-schwimm.de\/index.php\/wp-json\/wp\/v2\/pages\/5167","targetHints":{"allow":["GET"]}}],"collection":[{"href":"https:\/\/schwimm-baby-schwimm.de\/index.php\/wp-json\/wp\/v2\/pages"}],"about":[{"href":"https:\/\/schwimm-baby-schwimm.de\/index.php\/wp-json\/wp\/v2\/types\/page"}],"author":[{"embeddable":true,"href":"https:\/\/schwimm-baby-schwimm.de\/index.php\/wp-json\/wp\/v2\/users\/1"}],"replies":[{"embeddable":true,"href":"https:\/\/schwimm-baby-schwimm.de\/index.php\/wp-json\/wp\/v2\/comments?post=5167"}],"version-history":[{"count":2,"href":"https:\/\/schwimm-baby-schwimm.de\/index.php\/wp-json\/wp\/v2\/pages\/5167\/revisions"}],"predecessor-version":[{"id":5201,"href":"https:\/\/schwimm-baby-schwimm.de\/index.php\/wp-json\/wp\/v2\/pages\/5167\/revisions\/5201"}],"wp:attachment":[{"href":"https:\/\/schwimm-baby-schwimm.de\/index.php\/wp-json\/wp\/v2\/media?parent=5167"}],"curies":[{"name":"wp","href":"https:\/\/api.w.org\/{rel}","templated":true}]}}